{"id":2,"date":"2016-05-10T03:48:21","date_gmt":"2016-05-10T03:48:21","guid":{"rendered":"http:\/\/wp452m.a10-52-158-154.qa.plesk.ru\/wordpress\/?page_id=2"},"modified":"2024-06-13T14:12:57","modified_gmt":"2024-06-13T14:12:57","slug":"sample-page","status":"publish","type":"page","link":"https:\/\/hs-vertretung.de\/","title":{"rendered":"Wir beraten Sie und l\u00f6sen Ihre Probleme!"},"content":{"rendered":"\n<p><\/p>\n\n\n\n<figure class=\"wp-block-image size-full is-resized\"><img loading=\"lazy\" decoding=\"async\" width=\"658\" height=\"276\" src=\"http:\/\/hs-vertretung.de\/wp-content\/uploads\/2022\/06\/Alfa-Laval.jpg\" alt=\"\" class=\"wp-image-71\" style=\"width:491px;height:206px\" srcset=\"https:\/\/hs-vertretung.de\/wp-content\/uploads\/2022\/06\/Alfa-Laval.jpg 658w, https:\/\/hs-vertretung.de\/wp-content\/uploads\/2022\/06\/Alfa-Laval-300x126.jpg 300w\" sizes=\"(max-width: 658px) 100vw, 658px\" \/><figcaption class=\"wp-element-caption\"><a href=\"https:\/\/www.alfalaval.de\/industrien\/papier-und-zellstoff\/produktion-von-papier\/\">https:\/\/www.alfalaval.de\/industrien\/papier-und-zellstoff\/produktion-von-papier\/<\/a><\/figcaption><\/figure>\n\n\n<blockquote>\n<h2>Alfa Laval ist der f\u00fchrende Lieferant f\u00fcr die Papier- und Zellstoffindustrie f\u00fcr W\u00e4rme\u00fcbertragung, Membranfiltration, Eindampfung, Hygiene durch Tankreinigung, \u00d6lreinigung und Eindickung<\/h2>\n<\/p>\n<p><img loading=\"lazy\" decoding=\"async\" class=\"size-full wp-image-20 alignright\" src=\"http:\/\/hs-vertretung.de\/wp-content\/uploads\/2016\/05\/SHE.jpg\" alt=\"SHE\" width=\"175\" height=\"236\">Im Bereich der <strong>W\u00e4rme\u00fcbertragung<\/strong> sind besonders die L\u00f6sungen f\u00fcr schwierige und hochbelastete Sieb- oder Abw\u00e4sser sehr effektiv.<\/p>\n<p><strong>Tankreinigung<\/strong> bringt mehr Hygiene in der Produktion, Geruchsbel\u00e4stigung, Schleim- und Pilzwachstum werden vermindert. Auch der Sicherheitsaspekt wird verbessert. B\u00fctten, Stofft\u00fcrme und Pulper werden automatisch ohne Befahrung sauber gehalten.<\/p>\n<p><strong>Membranfiltration<\/strong>, auch kombiniert mit Eindickung, ist die kommende Technologie (Best Available Technique) um Belastungen zu reduzieren und Wertstoffe zu separieren.<\/p>\n<p>Die <strong>Dekantertechnik<\/strong> bietet interessante Anwendungen im Bereich der Eindickung und \u00d6lreinigung.<\/p>\n<p>Gerne sicheren wir ihre Investitionsentscheidung durch ausf\u00fchrliche Versuche ab.<\/p>\n<p>F\u00fcr alle Bereiche wird ein hervorragender Service, auch vor Ort, angeboten.<\/p>\n<\/blockquote>\n<p>Wir beraten Sie und l\u00f6sen Ihre Probleme!<\/p>\n<p>A<strong>uch nach dem Kauf stehen wir Ihnen zur Verf\u00fcgung. Wir haben jahrelange Erfahrung in der Papierindustrie und kooperieren mit Unternehmen, Instituten und Verb\u00e4nden.<\/strong><\/p>\n\n","protected":false},"excerpt":{"rendered":"<p>Alfa Laval ist der f\u00fchrende Lieferant f\u00fcr die Papier- und Zellstoffindustrie f\u00fcr W\u00e4rme\u00fcbertragung, Membranfiltration, Eindampfung, Hygiene durch Tankreinigung, \u00d6lreinigung und Eindickung Im Bereich der W\u00e4rme\u00fcbertragung sind besonders die L\u00f6sungen f\u00fcr schwierige und hochbelastete Sieb- oder Abw\u00e4sser sehr effektiv. Tankreinigung bringt <a href=\"https:\/\/hs-vertretung.de\/\"> Read more&#8230;<\/a><\/p>\n","protected":false},"author":1,"featured_media":52,"parent":0,"menu_order":0,"comment_status":"closed","ping_status":"open","template":"","meta":{"footnotes":""},"_links":{"self":[{"href":"https:\/\/hs-vertretung.de\/index.php?rest_route=\/wp\/v2\/pages\/2"}],"collection":[{"href":"https:\/\/hs-vertretung.de\/index.php?rest_route=\/wp\/v2\/pages"}],"about":[{"href":"https:\/\/hs-vertretung.de\/index.php?rest_route=\/wp\/v2\/types\/page"}],"author":[{"embeddable":true,"href":"https:\/\/hs-vertretung.de\/index.php?rest_route=\/wp\/v2\/users\/1"}],"replies":[{"embeddable":true,"href":"https:\/\/hs-vertretung.de\/index.php?rest_route=%2Fwp%2Fv2%2Fcomments&post=2"}],"version-history":[{"count":15,"href":"https:\/\/hs-vertretung.de\/index.php?rest_route=\/wp\/v2\/pages\/2\/revisions"}],"predecessor-version":[{"id":83,"href":"https:\/\/hs-vertretung.de\/index.php?rest_route=\/wp\/v2\/pages\/2\/revisions\/83"}],"wp:featuredmedia":[{"embeddable":true,"href":"https:\/\/hs-vertretung.de\/index.php?rest_route=\/wp\/v2\/media\/52"}],"wp:attachment":[{"href":"https:\/\/hs-vertretung.de\/index.php?rest_route=%2Fwp%2Fv2%2Fmedia&parent=2"}],"curies":[{"name":"wp","href":"https:\/\/api.w.org\/{rel}","templated":true}]}}